{"id":189,"date":"2024-11-19T15:04:22","date_gmt":"2024-11-19T14:04:22","guid":{"rendered":"https:\/\/www.replik.app\/product\/repondre-aux-avis\/"},"modified":"2024-11-29T16:45:32","modified_gmt":"2024-11-29T15:45:32","slug":"repondre-aux-avis","status":"publish","type":"page","link":"https:\/\/www.replik.app\/en\/repondre-aux-avis\/","title":{"rendered":"R\u00e9pondre aux Avis"},"content":{"rendered":"\n<p>Gr\u00e2ce \u00e0 notre IA, recevez des suggestions de r\u00e9ponses pr\u00eates \u00e0 l\u2019emploi, adapt\u00e9es \u00e0 votre argumentaire et au ton souhait\u00e9.<br\/><br\/>Gagnez en pr\u00e9cision et professionnalisme, votre image de marque s\u2019am\u00e9liore, votre e-r\u00e9putation gagne en attrait.<\/p>\n","protected":false},"excerpt":{"rendered":"<p>Gr\u00e2ce \u00e0 notre IA, recevez des suggestions de r\u00e9ponses pr\u00eates \u00e0 l\u2019emploi, adapt\u00e9es \u00e0 votre argumentaire et au ton souhait\u00e9. Gagnez en pr\u00e9cision et professionnalisme, votre image de marque s\u2019am\u00e9liore, votre e-r\u00e9putation gagne en attrait.<\/p>\n","protected":false},"author":2,"featured_media":491,"parent":0,"menu_order":0,"comment_status":"closed","ping_status":"closed","template":"","meta":{"footnotes":""},"class_list":["post-189","page","type-page","status-publish","has-post-thumbnail","hentry"],"yoast_head":"<!-- This site is optimized with the Yoast SEO plugin v27.5 - https:\/\/yoast.com\/product\/yoast-seo-wordpress\/ -->\n<title>R\u00e9pondre aux Avis - Replik<\/title>\n<meta name=\"robots\" content=\"index, follow, max-snippet:-1, max-image-preview:large, max-video-preview:-1\" \/>\n<link rel=\"canonical\" href=\"https:\/\/www.replik.app\/en\/repondre-aux-avis\/\" \/>\n<meta property=\"og:locale\" content=\"en_US\" \/>\n<meta property=\"og:type\" content=\"article\" \/>\n<meta property=\"og:title\" content=\"R\u00e9pondre aux Avis - Replik\" \/>\n<meta property=\"og:description\" content=\"Gr\u00e2ce \u00e0 notre IA, recevez des suggestions de r\u00e9ponses pr\u00eates \u00e0 l\u2019emploi, adapt\u00e9es \u00e0 votre argumentaire et au ton souhait\u00e9. Gagnez en pr\u00e9cision et professionnalisme, votre image de marque s\u2019am\u00e9liore, votre e-r\u00e9putation gagne en attrait.\" \/>\n<meta property=\"og:url\" content=\"https:\/\/www.replik.app\/en\/repondre-aux-avis\/\" \/>\n<meta property=\"og:site_name\" content=\"Replik\" \/>\n<meta property=\"article:modified_time\" content=\"2024-11-29T15:45:32+00:00\" \/>\n<meta name=\"twitter:card\" content=\"summary_large_image\" \/>\n<script type=\"application\/ld+json\" class=\"yoast-schema-graph\">{\"@context\":\"https:\\\/\\\/schema.org\",\"@graph\":[{\"@type\":\"WebPage\",\"@id\":\"https:\\\/\\\/www.replik.app\\\/en\\\/repondre-aux-avis\\\/\",\"url\":\"https:\\\/\\\/www.replik.app\\\/en\\\/repondre-aux-avis\\\/\",\"name\":\"R\u00e9pondre aux Avis - Replik\",\"isPartOf\":{\"@id\":\"https:\\\/\\\/www.replik.app\\\/en\\\/#website\"},\"primaryImageOfPage\":{\"@id\":\"https:\\\/\\\/www.replik.app\\\/en\\\/repondre-aux-avis\\\/#primaryimage\"},\"image\":{\"@id\":\"https:\\\/\\\/www.replik.app\\\/en\\\/repondre-aux-avis\\\/#primaryimage\"},\"thumbnailUrl\":\"https:\\\/\\\/www.replik.app\\\/wp-content\\\/uploads\\\/2025\\\/05\\\/pexels-cottonbro-5054213-1-scaled.jpg\",\"datePublished\":\"2024-11-19T14:04:22+00:00\",\"dateModified\":\"2024-11-29T15:45:32+00:00\",\"breadcrumb\":{\"@id\":\"https:\\\/\\\/www.replik.app\\\/en\\\/repondre-aux-avis\\\/#breadcrumb\"},\"inLanguage\":\"en-US\",\"potentialAction\":[{\"@type\":\"ReadAction\",\"target\":[\"https:\\\/\\\/www.replik.app\\\/en\\\/repondre-aux-avis\\\/\"]}]},{\"@type\":\"ImageObject\",\"inLanguage\":\"en-US\",\"@id\":\"https:\\\/\\\/www.replik.app\\\/en\\\/repondre-aux-avis\\\/#primaryimage\",\"url\":\"https:\\\/\\\/www.replik.app\\\/wp-content\\\/uploads\\\/2025\\\/05\\\/pexels-cottonbro-5054213-1-scaled.jpg\",\"contentUrl\":\"https:\\\/\\\/www.replik.app\\\/wp-content\\\/uploads\\\/2025\\\/05\\\/pexels-cottonbro-5054213-1-scaled.jpg\",\"width\":2560,\"height\":1707},{\"@type\":\"BreadcrumbList\",\"@id\":\"https:\\\/\\\/www.replik.app\\\/en\\\/repondre-aux-avis\\\/#breadcrumb\",\"itemListElement\":[{\"@type\":\"ListItem\",\"position\":1,\"name\":\"Accueil\",\"item\":\"https:\\\/\\\/www.replik.app\\\/en\\\/\"},{\"@type\":\"ListItem\",\"position\":2,\"name\":\"Product\",\"item\":\"https:\\\/\\\/www.replik.app\\\/en\\\/product\\\/\"},{\"@type\":\"ListItem\",\"position\":3,\"name\":\"R\u00e9pondre aux Avis\"}]},{\"@type\":\"WebSite\",\"@id\":\"https:\\\/\\\/www.replik.app\\\/en\\\/#website\",\"url\":\"https:\\\/\\\/www.replik.app\\\/en\\\/\",\"name\":\"Replik\",\"description\":\"\",\"potentialAction\":[{\"@type\":\"SearchAction\",\"target\":{\"@type\":\"EntryPoint\",\"urlTemplate\":\"https:\\\/\\\/www.replik.app\\\/en\\\/?s={search_term_string}\"},\"query-input\":{\"@type\":\"PropertyValueSpecification\",\"valueRequired\":true,\"valueName\":\"search_term_string\"}}],\"inLanguage\":\"en-US\"}]}<\/script>\n<!-- \/ Yoast SEO plugin. -->","yoast_head_json":{"title":"R\u00e9pondre aux Avis - Replik","robots":{"index":"index","follow":"follow","max-snippet":"max-snippet:-1","max-image-preview":"max-image-preview:large","max-video-preview":"max-video-preview:-1"},"canonical":"https:\/\/www.replik.app\/en\/repondre-aux-avis\/","og_locale":"en_US","og_type":"article","og_title":"R\u00e9pondre aux Avis - Replik","og_description":"Gr\u00e2ce \u00e0 notre IA, recevez des suggestions de r\u00e9ponses pr\u00eates \u00e0 l\u2019emploi, adapt\u00e9es \u00e0 votre argumentaire et au ton souhait\u00e9. Gagnez en pr\u00e9cision et professionnalisme, votre image de marque s\u2019am\u00e9liore, votre e-r\u00e9putation gagne en attrait.","og_url":"https:\/\/www.replik.app\/en\/repondre-aux-avis\/","og_site_name":"Replik","article_modified_time":"2024-11-29T15:45:32+00:00","twitter_card":"summary_large_image","schema":{"@context":"https:\/\/schema.org","@graph":[{"@type":"WebPage","@id":"https:\/\/www.replik.app\/en\/repondre-aux-avis\/","url":"https:\/\/www.replik.app\/en\/repondre-aux-avis\/","name":"R\u00e9pondre aux Avis - Replik","isPartOf":{"@id":"https:\/\/www.replik.app\/en\/#website"},"primaryImageOfPage":{"@id":"https:\/\/www.replik.app\/en\/repondre-aux-avis\/#primaryimage"},"image":{"@id":"https:\/\/www.replik.app\/en\/repondre-aux-avis\/#primaryimage"},"thumbnailUrl":"https:\/\/www.replik.app\/wp-content\/uploads\/2025\/05\/pexels-cottonbro-5054213-1-scaled.jpg","datePublished":"2024-11-19T14:04:22+00:00","dateModified":"2024-11-29T15:45:32+00:00","breadcrumb":{"@id":"https:\/\/www.replik.app\/en\/repondre-aux-avis\/#breadcrumb"},"inLanguage":"en-US","potentialAction":[{"@type":"ReadAction","target":["https:\/\/www.replik.app\/en\/repondre-aux-avis\/"]}]},{"@type":"ImageObject","inLanguage":"en-US","@id":"https:\/\/www.replik.app\/en\/repondre-aux-avis\/#primaryimage","url":"https:\/\/www.replik.app\/wp-content\/uploads\/2025\/05\/pexels-cottonbro-5054213-1-scaled.jpg","contentUrl":"https:\/\/www.replik.app\/wp-content\/uploads\/2025\/05\/pexels-cottonbro-5054213-1-scaled.jpg","width":2560,"height":1707},{"@type":"BreadcrumbList","@id":"https:\/\/www.replik.app\/en\/repondre-aux-avis\/#breadcrumb","itemListElement":[{"@type":"ListItem","position":1,"name":"Accueil","item":"https:\/\/www.replik.app\/en\/"},{"@type":"ListItem","position":2,"name":"Product","item":"https:\/\/www.replik.app\/en\/product\/"},{"@type":"ListItem","position":3,"name":"R\u00e9pondre aux Avis"}]},{"@type":"WebSite","@id":"https:\/\/www.replik.app\/en\/#website","url":"https:\/\/www.replik.app\/en\/","name":"Replik","description":"","potentialAction":[{"@type":"SearchAction","target":{"@type":"EntryPoint","urlTemplate":"https:\/\/www.replik.app\/en\/?s={search_term_string}"},"query-input":{"@type":"PropertyValueSpecification","valueRequired":true,"valueName":"search_term_string"}}],"inLanguage":"en-US"}]}},"_links":{"self":[{"href":"https:\/\/www.replik.app\/en\/wp-json\/wp\/v2\/pages\/189","targetHints":{"allow":["GET"]}}],"collection":[{"href":"https:\/\/www.replik.app\/en\/wp-json\/wp\/v2\/pages"}],"about":[{"href":"https:\/\/www.replik.app\/en\/wp-json\/wp\/v2\/types\/page"}],"author":[{"embeddable":true,"href":"https:\/\/www.replik.app\/en\/wp-json\/wp\/v2\/users\/2"}],"replies":[{"embeddable":true,"href":"https:\/\/www.replik.app\/en\/wp-json\/wp\/v2\/comments?post=189"}],"version-history":[{"count":1,"href":"https:\/\/www.replik.app\/en\/wp-json\/wp\/v2\/pages\/189\/revisions"}],"predecessor-version":[{"id":190,"href":"https:\/\/www.replik.app\/en\/wp-json\/wp\/v2\/pages\/189\/revisions\/190"}],"wp:featuredmedia":[{"embeddable":true,"href":"https:\/\/www.replik.app\/en\/wp-json\/wp\/v2\/media\/491"}],"wp:attachment":[{"href":"https:\/\/www.replik.app\/en\/wp-json\/wp\/v2\/media?parent=189"}],"curies":[{"name":"wp","href":"https:\/\/api.w.org\/{rel}","templated":true}]}}