{"id":187,"date":"2024-11-19T15:05:16","date_gmt":"2024-11-19T14:05:16","guid":{"rendered":"https:\/\/www.replik.app\/product\/booster-la-collecte-davis\/"},"modified":"2024-11-29T16:45:09","modified_gmt":"2024-11-29T15:45:09","slug":"booster-la-collecte-davis","status":"publish","type":"page","link":"https:\/\/www.replik.app\/en\/booster-la-collecte-davis\/","title":{"rendered":"Booster la collecte d\u2019avis"},"content":{"rendered":"\n<p>Gr\u00e2ce \u00e0 notre IA, recevez des suggestions de r\u00e9ponses pr\u00eates \u00e0 l\u2019emploi, adapt\u00e9es \u00e0 votre argumentaire et au ton souhait\u00e9.<br\/><br\/>Gagnez en pr\u00e9cision et professionnalisme, votre image de marque s\u2019am\u00e9liore, votre e-r\u00e9putation gagne en attrait.<\/p>\n","protected":false},"excerpt":{"rendered":"<p>Gr\u00e2ce \u00e0 notre IA, recevez des suggestions de r\u00e9ponses pr\u00eates \u00e0 l\u2019emploi, adapt\u00e9es \u00e0 votre argumentaire et au ton souhait\u00e9. Gagnez en pr\u00e9cision et professionnalisme, votre image de marque s\u2019am\u00e9liore, votre e-r\u00e9putation gagne en attrait.<\/p>\n","protected":false},"author":2,"featured_media":482,"parent":0,"menu_order":0,"comment_status":"closed","ping_status":"closed","template":"","meta":{"footnotes":""},"class_list":["post-187","page","type-page","status-publish","has-post-thumbnail","hentry"],"yoast_head":"<!-- This site is optimized with the Yoast SEO plugin v27.2 - https:\/\/yoast.com\/product\/yoast-seo-wordpress\/ -->\n<title>Booster la collecte d\u2019avis - Replik<\/title>\n<meta name=\"robots\" content=\"index, follow, max-snippet:-1, max-image-preview:large, max-video-preview:-1\" \/>\n<link rel=\"canonical\" href=\"https:\/\/www.replik.app\/en\/booster-la-collecte-davis\/\" \/>\n<meta property=\"og:locale\" content=\"en_US\" \/>\n<meta property=\"og:type\" content=\"article\" \/>\n<meta property=\"og:title\" content=\"Booster la collecte d\u2019avis - Replik\" \/>\n<meta property=\"og:description\" content=\"Gr\u00e2ce \u00e0 notre IA, recevez des suggestions de r\u00e9ponses pr\u00eates \u00e0 l\u2019emploi, adapt\u00e9es \u00e0 votre argumentaire et au ton souhait\u00e9. Gagnez en pr\u00e9cision et professionnalisme, votre image de marque s\u2019am\u00e9liore, votre e-r\u00e9putation gagne en attrait.\" \/>\n<meta property=\"og:url\" content=\"https:\/\/www.replik.app\/en\/booster-la-collecte-davis\/\" \/>\n<meta property=\"og:site_name\" content=\"Replik\" \/>\n<meta property=\"article:modified_time\" content=\"2024-11-29T15:45:09+00:00\" \/>\n<meta name=\"twitter:card\" content=\"summary_large_image\" \/>\n<script type=\"application\/ld+json\" class=\"yoast-schema-graph\">{\"@context\":\"https:\/\/schema.org\",\"@graph\":[{\"@type\":\"WebPage\",\"@id\":\"https:\/\/www.replik.app\/en\/booster-la-collecte-davis\/\",\"url\":\"https:\/\/www.replik.app\/en\/booster-la-collecte-davis\/\",\"name\":\"Booster la collecte d\u2019avis - Replik\",\"isPartOf\":{\"@id\":\"https:\/\/www.replik.app\/en\/#website\"},\"primaryImageOfPage\":{\"@id\":\"https:\/\/www.replik.app\/en\/booster-la-collecte-davis\/#primaryimage\"},\"image\":{\"@id\":\"https:\/\/www.replik.app\/en\/booster-la-collecte-davis\/#primaryimage\"},\"thumbnailUrl\":\"https:\/\/www.replik.app\/wp-content\/uploads\/2025\/05\/pexels-pixabay-278430.jpg\",\"datePublished\":\"2024-11-19T14:05:16+00:00\",\"dateModified\":\"2024-11-29T15:45:09+00:00\",\"breadcrumb\":{\"@id\":\"https:\/\/www.replik.app\/en\/booster-la-collecte-davis\/#breadcrumb\"},\"inLanguage\":\"en-US\",\"potentialAction\":[{\"@type\":\"ReadAction\",\"target\":[\"https:\/\/www.replik.app\/en\/booster-la-collecte-davis\/\"]}]},{\"@type\":\"ImageObject\",\"inLanguage\":\"en-US\",\"@id\":\"https:\/\/www.replik.app\/en\/booster-la-collecte-davis\/#primaryimage\",\"url\":\"https:\/\/www.replik.app\/wp-content\/uploads\/2025\/05\/pexels-pixabay-278430.jpg\",\"contentUrl\":\"https:\/\/www.replik.app\/wp-content\/uploads\/2025\/05\/pexels-pixabay-278430.jpg\",\"width\":1280,\"height\":683},{\"@type\":\"BreadcrumbList\",\"@id\":\"https:\/\/www.replik.app\/en\/booster-la-collecte-davis\/#breadcrumb\",\"itemListElement\":[{\"@type\":\"ListItem\",\"position\":1,\"name\":\"Accueil\",\"item\":\"https:\/\/www.replik.app\/en\/\"},{\"@type\":\"ListItem\",\"position\":2,\"name\":\"Product\",\"item\":\"https:\/\/www.replik.app\/en\/product\/\"},{\"@type\":\"ListItem\",\"position\":3,\"name\":\"Booster la collecte d\u2019avis\"}]},{\"@type\":\"WebSite\",\"@id\":\"https:\/\/www.replik.app\/en\/#website\",\"url\":\"https:\/\/www.replik.app\/en\/\",\"name\":\"Replik\",\"description\":\"\",\"potentialAction\":[{\"@type\":\"SearchAction\",\"target\":{\"@type\":\"EntryPoint\",\"urlTemplate\":\"https:\/\/www.replik.app\/en\/?s={search_term_string}\"},\"query-input\":{\"@type\":\"PropertyValueSpecification\",\"valueRequired\":true,\"valueName\":\"search_term_string\"}}],\"inLanguage\":\"en-US\"}]}<\/script>\n<!-- \/ Yoast SEO plugin. -->","yoast_head_json":{"title":"Booster la collecte d\u2019avis - Replik","robots":{"index":"index","follow":"follow","max-snippet":"max-snippet:-1","max-image-preview":"max-image-preview:large","max-video-preview":"max-video-preview:-1"},"canonical":"https:\/\/www.replik.app\/en\/booster-la-collecte-davis\/","og_locale":"en_US","og_type":"article","og_title":"Booster la collecte d\u2019avis - Replik","og_description":"Gr\u00e2ce \u00e0 notre IA, recevez des suggestions de r\u00e9ponses pr\u00eates \u00e0 l\u2019emploi, adapt\u00e9es \u00e0 votre argumentaire et au ton souhait\u00e9. Gagnez en pr\u00e9cision et professionnalisme, votre image de marque s\u2019am\u00e9liore, votre e-r\u00e9putation gagne en attrait.","og_url":"https:\/\/www.replik.app\/en\/booster-la-collecte-davis\/","og_site_name":"Replik","article_modified_time":"2024-11-29T15:45:09+00:00","twitter_card":"summary_large_image","schema":{"@context":"https:\/\/schema.org","@graph":[{"@type":"WebPage","@id":"https:\/\/www.replik.app\/en\/booster-la-collecte-davis\/","url":"https:\/\/www.replik.app\/en\/booster-la-collecte-davis\/","name":"Booster la collecte d\u2019avis - Replik","isPartOf":{"@id":"https:\/\/www.replik.app\/en\/#website"},"primaryImageOfPage":{"@id":"https:\/\/www.replik.app\/en\/booster-la-collecte-davis\/#primaryimage"},"image":{"@id":"https:\/\/www.replik.app\/en\/booster-la-collecte-davis\/#primaryimage"},"thumbnailUrl":"https:\/\/www.replik.app\/wp-content\/uploads\/2025\/05\/pexels-pixabay-278430.jpg","datePublished":"2024-11-19T14:05:16+00:00","dateModified":"2024-11-29T15:45:09+00:00","breadcrumb":{"@id":"https:\/\/www.replik.app\/en\/booster-la-collecte-davis\/#breadcrumb"},"inLanguage":"en-US","potentialAction":[{"@type":"ReadAction","target":["https:\/\/www.replik.app\/en\/booster-la-collecte-davis\/"]}]},{"@type":"ImageObject","inLanguage":"en-US","@id":"https:\/\/www.replik.app\/en\/booster-la-collecte-davis\/#primaryimage","url":"https:\/\/www.replik.app\/wp-content\/uploads\/2025\/05\/pexels-pixabay-278430.jpg","contentUrl":"https:\/\/www.replik.app\/wp-content\/uploads\/2025\/05\/pexels-pixabay-278430.jpg","width":1280,"height":683},{"@type":"BreadcrumbList","@id":"https:\/\/www.replik.app\/en\/booster-la-collecte-davis\/#breadcrumb","itemListElement":[{"@type":"ListItem","position":1,"name":"Accueil","item":"https:\/\/www.replik.app\/en\/"},{"@type":"ListItem","position":2,"name":"Product","item":"https:\/\/www.replik.app\/en\/product\/"},{"@type":"ListItem","position":3,"name":"Booster la collecte d\u2019avis"}]},{"@type":"WebSite","@id":"https:\/\/www.replik.app\/en\/#website","url":"https:\/\/www.replik.app\/en\/","name":"Replik","description":"","potentialAction":[{"@type":"SearchAction","target":{"@type":"EntryPoint","urlTemplate":"https:\/\/www.replik.app\/en\/?s={search_term_string}"},"query-input":{"@type":"PropertyValueSpecification","valueRequired":true,"valueName":"search_term_string"}}],"inLanguage":"en-US"}]}},"_links":{"self":[{"href":"https:\/\/www.replik.app\/en\/wp-json\/wp\/v2\/pages\/187","targetHints":{"allow":["GET"]}}],"collection":[{"href":"https:\/\/www.replik.app\/en\/wp-json\/wp\/v2\/pages"}],"about":[{"href":"https:\/\/www.replik.app\/en\/wp-json\/wp\/v2\/types\/page"}],"author":[{"embeddable":true,"href":"https:\/\/www.replik.app\/en\/wp-json\/wp\/v2\/users\/2"}],"replies":[{"embeddable":true,"href":"https:\/\/www.replik.app\/en\/wp-json\/wp\/v2\/comments?post=187"}],"version-history":[{"count":1,"href":"https:\/\/www.replik.app\/en\/wp-json\/wp\/v2\/pages\/187\/revisions"}],"predecessor-version":[{"id":188,"href":"https:\/\/www.replik.app\/en\/wp-json\/wp\/v2\/pages\/187\/revisions\/188"}],"wp:featuredmedia":[{"embeddable":true,"href":"https:\/\/www.replik.app\/en\/wp-json\/wp\/v2\/media\/482"}],"wp:attachment":[{"href":"https:\/\/www.replik.app\/en\/wp-json\/wp\/v2\/media?parent=187"}],"curies":[{"name":"wp","href":"https:\/\/api.w.org\/{rel}","templated":true}]}}