{"id":167,"date":"2024-09-23T13:26:02","date_gmt":"2024-09-23T11:26:02","guid":{"rendered":"https:\/\/www.replik.app\/home\/"},"modified":"2024-12-09T09:34:42","modified_gmt":"2024-12-09T08:34:42","slug":"home","status":"publish","type":"page","link":"https:\/\/www.replik.app\/en\/","title":{"rendered":"Home"},"content":{"rendered":"\n<h2 class=\"wp-block-heading\">Changer le regard des Pros sur les Avis Clients<\/h2>\n\n<blockquote class=\"wp-block-quote is-layout-flow wp-block-quote-is-layout-flow\">\n<p><\/p>\n<\/blockquote>\n\n<p>Trop de professionnels m\u00e9connaissent ou minimisent encore, l\u2019impact des avis clients sur leur Business. Or leur influence est aujourd\u2019hui pr\u00e9pond\u00e9rante dans les prises de d\u00e9cision des internautes en phase de recherche. N\u00e9gliger ce nouveau bouche-\u00e0-oreille, c\u2019est prendre le risque, pour tout professionnel, de perdre progressivement du terrain, de l\u2019attrait et donc de nouveaux clients, au profit de concurrents plus actifs sur ce sujet.<\/p>\n\n<blockquote class=\"wp-block-quote is-layout-flow wp-block-quote-is-layout-flow\">\n<p><\/p>\n<\/blockquote>\n\n<p><\/p>\n","protected":false},"excerpt":{"rendered":"<p>Changer le regard des Pros sur les Avis Clients Trop de professionnels m\u00e9connaissent ou minimisent encore, l\u2019impact des avis clients sur leur Business. Or leur influence est aujourd\u2019hui pr\u00e9pond\u00e9rante dans les prises de d\u00e9cision des internautes en phase de recherche. N\u00e9gliger ce nouveau bouche-\u00e0-oreille, c\u2019est prendre le risque, pour tout professionnel, de perdre progressivement du [&hellip;]<\/p>\n","protected":false},"author":2,"featured_media":0,"parent":0,"menu_order":0,"comment_status":"closed","ping_status":"open","template":"page-templates\/index.php","meta":{"footnotes":""},"class_list":["post-167","page","type-page","status-publish","hentry"],"yoast_head":"<!-- This site is optimized with the Yoast SEO plugin v27.5 - https:\/\/yoast.com\/product\/yoast-seo-wordpress\/ -->\n<title>Home - Replik<\/title>\n<meta name=\"robots\" content=\"index, follow, max-snippet:-1, max-image-preview:large, max-video-preview:-1\" \/>\n<link rel=\"canonical\" href=\"https:\/\/www.replik.app\/en\/\" \/>\n<meta property=\"og:locale\" content=\"en_US\" \/>\n<meta property=\"og:type\" content=\"article\" \/>\n<meta property=\"og:title\" content=\"Home - Replik\" \/>\n<meta property=\"og:description\" content=\"Changer le regard des Pros sur les Avis Clients Trop de professionnels m\u00e9connaissent ou minimisent encore, l\u2019impact des avis clients sur leur Business. Or leur influence est aujourd\u2019hui pr\u00e9pond\u00e9rante dans les prises de d\u00e9cision des internautes en phase de recherche. N\u00e9gliger ce nouveau bouche-\u00e0-oreille, c\u2019est prendre le risque, pour tout professionnel, de perdre progressivement du [&hellip;]\" \/>\n<meta property=\"og:url\" content=\"https:\/\/www.replik.app\/en\/\" \/>\n<meta property=\"og:site_name\" content=\"Replik\" \/>\n<meta property=\"article:modified_time\" content=\"2024-12-09T08:34:42+00:00\" \/>\n<meta name=\"twitter:card\" content=\"summary_large_image\" \/>\n<meta name=\"twitter:label1\" content=\"Est. reading time\" \/>\n\t<meta name=\"twitter:data1\" content=\"1 minute\" \/>\n<script type=\"application\/ld+json\" class=\"yoast-schema-graph\">{\"@context\":\"https:\\\/\\\/schema.org\",\"@graph\":[{\"@type\":\"WebPage\",\"@id\":\"https:\\\/\\\/www.replik.app\\\/en\\\/\",\"url\":\"https:\\\/\\\/www.replik.app\\\/en\\\/\",\"name\":\"Home - Replik\",\"isPartOf\":{\"@id\":\"https:\\\/\\\/www.replik.app\\\/en\\\/#website\"},\"datePublished\":\"2024-09-23T11:26:02+00:00\",\"dateModified\":\"2024-12-09T08:34:42+00:00\",\"breadcrumb\":{\"@id\":\"https:\\\/\\\/www.replik.app\\\/en\\\/#breadcrumb\"},\"inLanguage\":\"en-US\",\"potentialAction\":[{\"@type\":\"ReadAction\",\"target\":[\"https:\\\/\\\/www.replik.app\\\/en\\\/\"]}]},{\"@type\":\"BreadcrumbList\",\"@id\":\"https:\\\/\\\/www.replik.app\\\/en\\\/#breadcrumb\",\"itemListElement\":[{\"@type\":\"ListItem\",\"position\":1,\"name\":\"Accueil\",\"item\":\"https:\\\/\\\/www.replik.app\\\/en\\\/\"},{\"@type\":\"ListItem\",\"position\":2,\"name\":\"Home\"}]},{\"@type\":\"WebSite\",\"@id\":\"https:\\\/\\\/www.replik.app\\\/en\\\/#website\",\"url\":\"https:\\\/\\\/www.replik.app\\\/en\\\/\",\"name\":\"Replik\",\"description\":\"\",\"potentialAction\":[{\"@type\":\"SearchAction\",\"target\":{\"@type\":\"EntryPoint\",\"urlTemplate\":\"https:\\\/\\\/www.replik.app\\\/en\\\/?s={search_term_string}\"},\"query-input\":{\"@type\":\"PropertyValueSpecification\",\"valueRequired\":true,\"valueName\":\"search_term_string\"}}],\"inLanguage\":\"en-US\"}]}<\/script>\n<!-- \/ Yoast SEO plugin. -->","yoast_head_json":{"title":"Home - Replik","robots":{"index":"index","follow":"follow","max-snippet":"max-snippet:-1","max-image-preview":"max-image-preview:large","max-video-preview":"max-video-preview:-1"},"canonical":"https:\/\/www.replik.app\/en\/","og_locale":"en_US","og_type":"article","og_title":"Home - Replik","og_description":"Changer le regard des Pros sur les Avis Clients Trop de professionnels m\u00e9connaissent ou minimisent encore, l\u2019impact des avis clients sur leur Business. Or leur influence est aujourd\u2019hui pr\u00e9pond\u00e9rante dans les prises de d\u00e9cision des internautes en phase de recherche. N\u00e9gliger ce nouveau bouche-\u00e0-oreille, c\u2019est prendre le risque, pour tout professionnel, de perdre progressivement du [&hellip;]","og_url":"https:\/\/www.replik.app\/en\/","og_site_name":"Replik","article_modified_time":"2024-12-09T08:34:42+00:00","twitter_card":"summary_large_image","twitter_misc":{"Est. reading time":"1 minute"},"schema":{"@context":"https:\/\/schema.org","@graph":[{"@type":"WebPage","@id":"https:\/\/www.replik.app\/en\/","url":"https:\/\/www.replik.app\/en\/","name":"Home - Replik","isPartOf":{"@id":"https:\/\/www.replik.app\/en\/#website"},"datePublished":"2024-09-23T11:26:02+00:00","dateModified":"2024-12-09T08:34:42+00:00","breadcrumb":{"@id":"https:\/\/www.replik.app\/en\/#breadcrumb"},"inLanguage":"en-US","potentialAction":[{"@type":"ReadAction","target":["https:\/\/www.replik.app\/en\/"]}]},{"@type":"BreadcrumbList","@id":"https:\/\/www.replik.app\/en\/#breadcrumb","itemListElement":[{"@type":"ListItem","position":1,"name":"Accueil","item":"https:\/\/www.replik.app\/en\/"},{"@type":"ListItem","position":2,"name":"Home"}]},{"@type":"WebSite","@id":"https:\/\/www.replik.app\/en\/#website","url":"https:\/\/www.replik.app\/en\/","name":"Replik","description":"","potentialAction":[{"@type":"SearchAction","target":{"@type":"EntryPoint","urlTemplate":"https:\/\/www.replik.app\/en\/?s={search_term_string}"},"query-input":{"@type":"PropertyValueSpecification","valueRequired":true,"valueName":"search_term_string"}}],"inLanguage":"en-US"}]}},"_links":{"self":[{"href":"https:\/\/www.replik.app\/en\/wp-json\/wp\/v2\/pages\/167","targetHints":{"allow":["GET"]}}],"collection":[{"href":"https:\/\/www.replik.app\/en\/wp-json\/wp\/v2\/pages"}],"about":[{"href":"https:\/\/www.replik.app\/en\/wp-json\/wp\/v2\/types\/page"}],"author":[{"embeddable":true,"href":"https:\/\/www.replik.app\/en\/wp-json\/wp\/v2\/users\/2"}],"replies":[{"embeddable":true,"href":"https:\/\/www.replik.app\/en\/wp-json\/wp\/v2\/comments?post=167"}],"version-history":[{"count":2,"href":"https:\/\/www.replik.app\/en\/wp-json\/wp\/v2\/pages\/167\/revisions"}],"predecessor-version":[{"id":230,"href":"https:\/\/www.replik.app\/en\/wp-json\/wp\/v2\/pages\/167\/revisions\/230"}],"wp:attachment":[{"href":"https:\/\/www.replik.app\/en\/wp-json\/wp\/v2\/media?parent=167"}],"curies":[{"name":"wp","href":"https:\/\/api.w.org\/{rel}","templated":true}]}}